{"id":9146,"date":"2022-09-06T10:32:20","date_gmt":"2022-09-06T10:32:20","guid":{"rendered":"https:\/\/go.uexo.com\/register\/live\/"},"modified":"2025-02-12T13:08:52","modified_gmt":"2025-02-12T13:08:52","slug":"live","status":"publish","type":"page","link":"https:\/\/staging-go.uexo.com\/pt-br\/register\/live\/","title":{"rendered":"Live"},"content":{"rendered":"","protected":false},"excerpt":{"rendered":"","protected":false},"author":1,"featured_media":0,"parent":9085,"menu_order":0,"comment_status":"closed","ping_status":"closed","template":"page-registration.php","meta":{"footnotes":""},"class_list":["post-9146","page","type-page","status-publish","hentry"],"yoast_head":"<!-- This site is optimized with the Yoast SEO plugin v27.4 - https:\/\/yoast.com\/product\/yoast-seo-wordpress\/ -->\n<title>Negocie nos mercados com a UEXO. Abra sua conta aqui!<\/title>\n<meta name=\"description\" content=\"Negocie CFDs em Forex, Criptomoedas, A\u00e7\u00f5es, Energias, Commodities, \u00cdndices e Metais com a UEXO. \u00c9 aqui que voc\u00ea come\u00e7a.\" \/>\n<meta name=\"robots\" content=\"index, follow, max-snippet:-1, max-image-preview:large, max-video-preview:-1\" \/>\n<link rel=\"canonical\" href=\"https:\/\/staging-go.uexo.com\/register\/live\/\" \/>\n<meta property=\"og:locale\" content=\"pt_BR\" \/>\n<meta property=\"og:type\" content=\"article\" \/>\n<meta property=\"og:title\" content=\"Negocie nos mercados com a UEXO. Abra sua conta aqui!\" \/>\n<meta property=\"og:description\" content=\"Negocie CFDs em Forex, Criptomoedas, A\u00e7\u00f5es, Energias, Commodities, \u00cdndices e Metais com a UEXO. \u00c9 aqui que voc\u00ea come\u00e7a.\" \/>\n<meta property=\"og:url\" content=\"https:\/\/staging-go.uexo.com\/register\/live\/\" \/>\n<meta property=\"og:site_name\" content=\"uexo - One of the Fastest Growing Online Forex Brokerages\" \/>\n<meta property=\"article:modified_time\" content=\"2025-02-12T13:08:52+00:00\" \/>\n<meta name=\"twitter:card\" content=\"summary_large_image\" \/>\n<script type=\"application\/ld+json\" class=\"yoast-schema-graph\">{\"@context\":\"https:\\\/\\\/schema.org\",\"@graph\":[{\"@type\":\"WebPage\",\"@id\":\"https:\\\/\\\/staging-go.uexo.com\\\/register\\\/live\\\/\",\"url\":\"https:\\\/\\\/staging-go.uexo.com\\\/register\\\/live\\\/\",\"name\":\"Negocie nos mercados com a UEXO. Abra sua conta aqui!\",\"isPartOf\":{\"@id\":\"https:\\\/\\\/staging-go.uexo.com\\\/#website\"},\"datePublished\":\"2022-09-06T10:32:20+00:00\",\"dateModified\":\"2025-02-12T13:08:52+00:00\",\"description\":\"Negocie CFDs em Forex, Criptomoedas, A\u00e7\u00f5es, Energias, Commodities, \u00cdndices e Metais com a UEXO. \u00c9 aqui que voc\u00ea come\u00e7a.\",\"breadcrumb\":{\"@id\":\"https:\\\/\\\/staging-go.uexo.com\\\/register\\\/live\\\/#breadcrumb\"},\"inLanguage\":\"pt-BR\",\"potentialAction\":[{\"@type\":\"ReadAction\",\"target\":[\"https:\\\/\\\/staging-go.uexo.com\\\/register\\\/live\\\/\"]}]},{\"@type\":\"BreadcrumbList\",\"@id\":\"https:\\\/\\\/staging-go.uexo.com\\\/register\\\/live\\\/#breadcrumb\",\"itemListElement\":[{\"@type\":\"ListItem\",\"position\":1,\"name\":\"Home\",\"item\":\"https:\\\/\\\/staging-go.uexo.com\\\/\"},{\"@type\":\"ListItem\",\"position\":2,\"name\":\"Register\",\"item\":\"https:\\\/\\\/staging-go.uexo.com\\\/register\\\/\"},{\"@type\":\"ListItem\",\"position\":3,\"name\":\"Live\"}]},{\"@type\":\"WebSite\",\"@id\":\"https:\\\/\\\/staging-go.uexo.com\\\/#website\",\"url\":\"https:\\\/\\\/staging-go.uexo.com\\\/\",\"name\":\"uexo - One of the Fastest Growing Online Forex Brokerages\",\"description\":\"uexo offers CFDs on 6 asset classes, including Forex &amp; Stocks. Trade forex online with one of the world&#039;s fastest growing Forex brokers.\",\"potentialAction\":[{\"@type\":\"SearchAction\",\"target\":{\"@type\":\"EntryPoint\",\"urlTemplate\":\"https:\\\/\\\/staging-go.uexo.com\\\/?s={search_term_string}\"},\"query-input\":{\"@type\":\"PropertyValueSpecification\",\"valueRequired\":true,\"valueName\":\"search_term_string\"}}],\"inLanguage\":\"pt-BR\"}]}<\/script>\n<!-- \/ Yoast SEO plugin. -->","yoast_head_json":{"title":"Negocie nos mercados com a UEXO. Abra sua conta aqui!","description":"Negocie CFDs em Forex, Criptomoedas, A\u00e7\u00f5es, Energias, Commodities, \u00cdndices e Metais com a UEXO. \u00c9 aqui que voc\u00ea come\u00e7a.","robots":{"index":"index","follow":"follow","max-snippet":"max-snippet:-1","max-image-preview":"max-image-preview:large","max-video-preview":"max-video-preview:-1"},"canonical":"https:\/\/staging-go.uexo.com\/register\/live\/","og_locale":"pt_BR","og_type":"article","og_title":"Negocie nos mercados com a UEXO. Abra sua conta aqui!","og_description":"Negocie CFDs em Forex, Criptomoedas, A\u00e7\u00f5es, Energias, Commodities, \u00cdndices e Metais com a UEXO. \u00c9 aqui que voc\u00ea come\u00e7a.","og_url":"https:\/\/staging-go.uexo.com\/register\/live\/","og_site_name":"uexo - One of the Fastest Growing Online Forex Brokerages","article_modified_time":"2025-02-12T13:08:52+00:00","twitter_card":"summary_large_image","schema":{"@context":"https:\/\/schema.org","@graph":[{"@type":"WebPage","@id":"https:\/\/staging-go.uexo.com\/register\/live\/","url":"https:\/\/staging-go.uexo.com\/register\/live\/","name":"Negocie nos mercados com a UEXO. Abra sua conta aqui!","isPartOf":{"@id":"https:\/\/staging-go.uexo.com\/#website"},"datePublished":"2022-09-06T10:32:20+00:00","dateModified":"2025-02-12T13:08:52+00:00","description":"Negocie CFDs em Forex, Criptomoedas, A\u00e7\u00f5es, Energias, Commodities, \u00cdndices e Metais com a UEXO. \u00c9 aqui que voc\u00ea come\u00e7a.","breadcrumb":{"@id":"https:\/\/staging-go.uexo.com\/register\/live\/#breadcrumb"},"inLanguage":"pt-BR","potentialAction":[{"@type":"ReadAction","target":["https:\/\/staging-go.uexo.com\/register\/live\/"]}]},{"@type":"BreadcrumbList","@id":"https:\/\/staging-go.uexo.com\/register\/live\/#breadcrumb","itemListElement":[{"@type":"ListItem","position":1,"name":"Home","item":"https:\/\/staging-go.uexo.com\/"},{"@type":"ListItem","position":2,"name":"Register","item":"https:\/\/staging-go.uexo.com\/register\/"},{"@type":"ListItem","position":3,"name":"Live"}]},{"@type":"WebSite","@id":"https:\/\/staging-go.uexo.com\/#website","url":"https:\/\/staging-go.uexo.com\/","name":"uexo - One of the Fastest Growing Online Forex Brokerages","description":"uexo offers CFDs on 6 asset classes, including Forex &amp; Stocks. Trade forex online with one of the world&#039;s fastest growing Forex brokers.","potentialAction":[{"@type":"SearchAction","target":{"@type":"EntryPoint","urlTemplate":"https:\/\/staging-go.uexo.com\/?s={search_term_string}"},"query-input":{"@type":"PropertyValueSpecification","valueRequired":true,"valueName":"search_term_string"}}],"inLanguage":"pt-BR"}]}},"_links":{"self":[{"href":"https:\/\/staging-go.uexo.com\/pt-br\/wp-json\/wp\/v2\/pages\/9146","targetHints":{"allow":["GET"]}}],"collection":[{"href":"https:\/\/staging-go.uexo.com\/pt-br\/wp-json\/wp\/v2\/pages"}],"about":[{"href":"https:\/\/staging-go.uexo.com\/pt-br\/wp-json\/wp\/v2\/types\/page"}],"author":[{"embeddable":true,"href":"https:\/\/staging-go.uexo.com\/pt-br\/wp-json\/wp\/v2\/users\/1"}],"replies":[{"embeddable":true,"href":"https:\/\/staging-go.uexo.com\/pt-br\/wp-json\/wp\/v2\/comments?post=9146"}],"version-history":[{"count":1,"href":"https:\/\/staging-go.uexo.com\/pt-br\/wp-json\/wp\/v2\/pages\/9146\/revisions"}],"predecessor-version":[{"id":10156,"href":"https:\/\/staging-go.uexo.com\/pt-br\/wp-json\/wp\/v2\/pages\/9146\/revisions\/10156"}],"up":[{"embeddable":true,"href":"https:\/\/staging-go.uexo.com\/pt-br\/wp-json\/wp\/v2\/pages\/9085"}],"wp:attachment":[{"href":"https:\/\/staging-go.uexo.com\/pt-br\/wp-json\/wp\/v2\/media?parent=9146"}],"curies":[{"name":"wp","href":"https:\/\/api.w.org\/{rel}","templated":true}]}}